{"id":63,"date":"2025-08-29T14:17:12","date_gmt":"2025-08-29T12:17:12","guid":{"rendered":"http:\/\/grespuisaye.fr\/livre\/?post_type=product&#038;p=63"},"modified":"2026-03-31T13:58:17","modified_gmt":"2026-03-31T11:58:17","slug":"livre-gres-de-puisaye","status":"publish","type":"product","link":"https:\/\/grespuisaye.fr\/index.php\/produit\/livre-gres-de-puisaye\/","title":{"rendered":"Livre Gr\u00e8s de Puisaye &#8211; Marques et signatures"},"content":{"rendered":"<h3 data-start=\"281\" data-end=\"353\">Dictionnaire in\u00e9dit des marques et signatures<\/h3>\n<p data-start=\"354\" data-end=\"660\">Fruit de plusieurs ann\u00e9es de recherches, ce livre rassemble pour la premi\u00e8re fois les <strong data-start=\"440\" data-end=\"465\">marques et signatures<\/strong> laiss\u00e9es par les potiers et c\u00e9ramistes de Puisaye.<br \/>\nV\u00e9ritable outil de r\u00e9f\u00e9rence, il s\u2019adresse aux <strong data-start=\"564\" data-end=\"623\">collectionneurs, professionnels, passionn\u00e9s et amateurs<\/strong>, qu\u2019ils soient novices ou experts.<\/p>\n<p data-start=\"662\" data-end=\"843\">Au-del\u00e0 de l\u2019attribution des c\u00e9ramiques, chaque monographie est <strong>richement illustr\u00e9e de nombreuses photos.<\/strong><\/p>\n<hr data-start=\"845\" data-end=\"848\" \/>\n<h3 data-start=\"850\" data-end=\"876\">Contenu de l\u2019ouvrage<\/h3>\n<ul data-start=\"877\" data-end=\"1087\">\n<li data-start=\"877\" data-end=\"923\">\n<p data-start=\"879\" data-end=\"923\"><strong data-start=\"879\" data-end=\"921\">345 marques et signatures r\u00e9pertori\u00e9es<\/strong><\/p>\n<\/li>\n<li data-start=\"924\" data-end=\"980\">\n<p data-start=\"926\" data-end=\"980\"><strong data-start=\"926\" data-end=\"947\">Plus de 900 photographies<\/strong> en couleurs et en noir &amp; blanc<\/p>\n<\/li>\n<li data-start=\"1011\" data-end=\"1050\">\n<p data-start=\"1013\" data-end=\"1050\">Pr\u00e8s de <strong data-start=\"1021\" data-end=\"1039\">200 c\u00e9ramistes<\/strong> recens\u00e9s<\/p>\n<\/li>\n<li data-start=\"1051\" data-end=\"1087\">\n<p data-start=\"1053\" data-end=\"1087\"><strong data-start=\"1061\" data-end=\"1085\">364 pages\u00a0<\/strong><\/p>\n<\/li>\n<\/ul>\n<hr data-start=\"1089\" data-end=\"1092\" \/>\n<h3 data-start=\"1094\" data-end=\"1123\">Organisation du recueil<\/h3>\n<p data-start=\"1124\" data-end=\"1219\">200 artistes r\u00e9partis en quatre grandes p\u00e9riodes :<\/p>\n<ul data-start=\"1220\" data-end=\"1374\">\n<li data-start=\"1220\" data-end=\"1256\">\n<p data-start=\"1222\" data-end=\"1256\"><strong data-start=\"1222\" data-end=\"1254\">Jean Carri\u00e8s et ses suiveurs<\/strong><\/p>\n<\/li>\n<li data-start=\"1257\" data-end=\"1297\">\n<p data-start=\"1259\" data-end=\"1297\"><strong data-start=\"1259\" data-end=\"1295\">L\u2019entre-deux-guerres (1920-1950)<\/strong><\/p>\n<\/li>\n<li data-start=\"1298\" data-end=\"1336\">\n<p data-start=\"1300\" data-end=\"1336\"><strong data-start=\"1300\" data-end=\"1334\">La p\u00e9riode moderne (1950-1990)<\/strong><\/p>\n<\/li>\n<li data-start=\"1337\" data-end=\"1374\">\n<p data-start=\"1339\" data-end=\"1374\"><strong data-start=\"1339\" data-end=\"1372\">Les contemporains (1990-2025)<\/strong><\/p>\n<\/li>\n<\/ul>\n<hr data-start=\"1376\" data-end=\"1379\" \/>\n<h3>C\u00e9ramistes recens\u00e9s<\/h3>\n<table>\n<tbody>\n<tr>\n<td>ALEXANDRE Thierry<br \/>\nALONZO Dominique<br \/>\nANGST Carl Albert<br \/>\nAPPEL Robin<br \/>\nARNAUD Lucien<br \/>\nAUBAN Paul<br \/>\nAUCLAIR Louis<br \/>\nAUGER Daniel<br \/>\nAUGER Michel<br \/>\nAYEL Sylvie<br \/>\nARMANET Clara<br \/>\nBADAL David<br \/>\nBADAL C\u00e9line et Fabien<br \/>\nBAFFERT Ren\u00e9<br \/>\nBAILLEUL Anne-Sophie<br \/>\nBARCK DE Nils<br \/>\nBARRET William<br \/>\nBAZIRE Laure<br \/>\nBERNARD Julien<br \/>\nBERTHOUD Paul-Fran\u00e7ois<br \/>\nBIDOT Sophie<br \/>\nBIGOT Alexandre<br \/>\nBIGOT Rozenn<br \/>\nBIQUAND Colette<br \/>\nBISSON Lionel<br \/>\nBLANQUET Ang\u00e8le<br \/>\nBONNEFOUS Lydie<br \/>\nBOURGUIGNON Michel<br \/>\nBUQUET Sophie<br \/>\nBURGOT Laurent<br \/>\nCACHELEUX Jean<br \/>\nCACHELEUX Patricia<br \/>\nCAGNAT Louis<br \/>\nCARRI\u00c8S Jean<br \/>\nCARTIER Thomas<br \/>\nCAPRON Claire<br \/>\nCHARBIT Tom<br \/>\nCOMPARET Bruno<br \/>\nCOUDR\u00c9 V\u00e9ronique<br \/>\nCOUTOU Elisabeth<br \/>\nCRESTOU Nicole<\/td>\n<td>DANHIEUX Alistair<br \/>\nDAUCOURT Isabelle<br \/>\nDEBLANDER Robert<br \/>\nDEBRUYERE Isabelle<br \/>\nDELATRONCHETTE Emile<br \/>\nDELIN Isabelle<br \/>\nDELUZE Ang\u00e9lique<br \/>\nDERVAL Jean<br \/>\nDESBOIS Jules<br \/>\nDETABLE Ang\u00e9lique<br \/>\nDEVEDJIAN Roland<br \/>\nDEVEDJIAN Vahram<br \/>\nDEVEDJIAN Jean<br \/>\nDOIX Jean-Michel<br \/>\nDOYEN<br \/>\nDRILLON Marc et Nicole<br \/>\nDUMONT Michel<br \/>\nDUREY V\u00e9ronique<br \/>\nDURIEZ Patricia<br \/>\nDURU Gilles<br \/>\nDYONNE Andr\u00e9<br \/>\nEVE Fran\u00e7ois<br \/>\nEVE Yolaine<br \/>\nEVRARD Elise<br \/>\nFERNAND-DUBOIS Emile<br \/>\nFL\u00c8CHE Bob<br \/>\nFONDIMARE Jean-Marc<br \/>\nFOUBERT Jean-Marie<br \/>\nGAUBIER Emile<br \/>\nGAUBIER Gaston<br \/>\nGAUBIER Jean<br \/>\nGAUBIER Raymond<br \/>\nGAUBIER Roger<br \/>\nGAUDEBERT Alain<br \/>\nGAUDEBERT Laure<br \/>\nGAUDRY Charles<br \/>\nGAUDRY L\u00e9ontine<br \/>\nGAUDRY Isabelle<br \/>\nGAUDRY Sybille<br \/>\nGR\u00c9GOIRE Val\u00e9ry<br \/>\nGRITTEL Emile<\/td>\n<td>GUIEBA Charles-Henri<br \/>\nGUYOT Georges<br \/>\nHAJDU Diana<br \/>\nHEGEDUS Franck<br \/>\nHENRARD Evelyne<br \/>\nHIBELOT Eric<br \/>\nHOENTSCHEL Georges<br \/>\nHURTAULT Christophe et Nathalie<br \/>\nHURTAULT Claude et Nicole<br \/>\nISAMBERT Monique<br \/>\nIVANOFF Vassil<br \/>\nJACQUES Albert<br \/>\nJACQUES Roger<br \/>\nJEANNENEY Paul<br \/>\nJEANNOT Val\u00e9rie<br \/>\nJOUVE Georges<br \/>\nKIMEDI-FRIME<br \/>\nLABLANQUIE Laura<br \/>\nLACHENY Adrien<br \/>\nLACHENY Jacques<br \/>\nLACHENY Jules<br \/>\nLACHENY Pierre<br \/>\nLALLIER Vincent<br \/>\nLAMBLIN Paul<br \/>\nLANGLADE Jean<br \/>\nLEBRUN Val\u00e9rie<br \/>\nLEBRET Alfred<br \/>\nLEBRET Emma<br \/>\nLEE William<br \/>\nLION Amand<br \/>\nLION Eug\u00e8ne<br \/>\nLION Pierre<br \/>\nLUSARDI Patrice<br \/>\nLOYER Virgile<br \/>\nLOWY C\u00e9cile<br \/>\nMAC KEITH Sophy<br \/>\nMALLET Aristide<br \/>\nMALLET Bernard<br \/>\nMALLET Michel<br \/>\nMARCHAL Janet<br \/>\nMAUBROU Jean<\/td>\n<td>MAURE Jean-Marie<br \/>\nMAURY Isabelle<br \/>\nMAYOR Marion<br \/>\nMAX (L\u00e9on POINTU)<br \/>\nMEHEUST Marie-Pierre<br \/>\nMERCIER Maurice<br \/>\nMEUNIER Caroline<br \/>\nMINIL Andr\u00e9<br \/>\nMORAND Delfine<br \/>\nMORIA Blanche Ad\u00e8le<br \/>\nMOUSSU Lucie<br \/>\nNADIM Isabelle<br \/>\nNAULT Andr\u00e9<br \/>\nNESLY Bernard<br \/>\nNOCQUET Paul Ange<br \/>\nNORMAND Andr\u00e9<br \/>\nNORMAND Cl\u00e9ment<br \/>\nNORMAND Cornelia<br \/>\nNORMAND Fabrice<br \/>\nNORMAND Fernand<br \/>\nNORMAND Gabriel<br \/>\nNORMAND Guy<br \/>\nNORMAND Jean<br \/>\nNORMAND Jean-Luc<br \/>\nNORMAND L\u00e9ontine<br \/>\nNORMAND Nelly<br \/>\nNORMAND Ren\u00e9<br \/>\nNORMAND Robert<br \/>\nPACTON Pierre<br \/>\nPAILLOT Jo\u00eblle<br \/>\nPATOIR Lorraine<br \/>\nPENINON Soline<br \/>\nPEREIRA Antonio<br \/>\nPEREIRA Francisco<br \/>\nPERRET Malen<br \/>\nPERROT Th\u00e9o<br \/>\nPICQ<br \/>\nPIERLOT Nathalie<br \/>\nPIERLOT Norbert<br \/>\nPIERLOT Jeanne<\/td>\n<td>PIGAGLIO Pierre<br \/>\nPOINTUD-DETRAZ Denise<br \/>\nPOINTU Jean<br \/>\nPOINTU L\u00e9on<br \/>\nPONTU Michel<br \/>\nPROUDOM Aur\u00e9lie<br \/>\nPRUDHOMME<br \/>\nRAOUL Georges<br \/>\nREGNIER Th\u00e9r\u00e8se<br \/>\nRIDEL-OLLIVIER Nadine<br \/>\nROBIN Danielle<br \/>\nROBIN Georges<br \/>\nROBIN Marie-Laure<br \/>\nRODIN Auguste<br \/>\nROUILLARD Martine<br \/>\nROY Robert<br \/>\nSABATIER Brigitte<br \/>\nSCALBERT Dauphine<br \/>\nSEGUIN Jean-Claude<br \/>\nSEGUIN KARAKOS Sabine<br \/>\nSOLANO Fran\u00e7ois<br \/>\nSOUDBININE Seraphin<br \/>\nTELLIER Marina<br \/>\nTROMBAY DE Alphonse<br \/>\nTRINQUAND Marie-Lucie<br \/>\nVAHDAT Houchang<br \/>\nVALLET Albert<br \/>\nVALLOMBREUSE DE Henry<br \/>\nVANNIER Camille<br \/>\nVERNHES Henri<br \/>\nVIELJEUX Patricia<br \/>\nVIOLETTE Milena<br \/>\nVISSAC Mauricette<br \/>\nVINCK DE Alice<br \/>\nVINCK DE Antoine<br \/>\nVIVIEN Daniel<br \/>\nWIPFF-VAAST Joseph<br \/>\nYAOUANQ LE Fanny<br \/>\nYRONDI Po&rsquo;oino<\/td>\n<\/tr>\n<\/tbody>\n<\/table>\n","protected":false},"excerpt":{"rendered":"<p><em>Disponible &#8211; En stock<\/em><\/p>\n<p>&nbsp;<\/p>\n","protected":false},"featured_media":764,"template":"","meta":[],"product_brand":[],"product_cat":[19],"product_tag":[],"class_list":{"0":"post-63","1":"product","2":"type-product","3":"status-publish","4":"has-post-thumbnail","6":"product_cat-livre","8":"first","9":"instock","10":"shipping-taxable","11":"purchasable","12":"product-type-simple"},"_links":{"self":[{"href":"https:\/\/grespuisaye.fr\/index.php\/wp-json\/wp\/v2\/product\/63","targetHints":{"allow":["GET"]}}],"collection":[{"href":"https:\/\/grespuisaye.fr\/index.php\/wp-json\/wp\/v2\/product"}],"about":[{"href":"https:\/\/grespuisaye.fr\/index.php\/wp-json\/wp\/v2\/types\/product"}],"wp:featuredmedia":[{"embeddable":true,"href":"https:\/\/grespuisaye.fr\/index.php\/wp-json\/wp\/v2\/media\/764"}],"wp:attachment":[{"href":"https:\/\/grespuisaye.fr\/index.php\/wp-json\/wp\/v2\/media?parent=63"}],"wp:term":[{"taxonomy":"product_brand","embeddable":true,"href":"https:\/\/grespuisaye.fr\/index.php\/wp-json\/wp\/v2\/product_brand?post=63"},{"taxonomy":"product_cat","embeddable":true,"href":"https:\/\/grespuisaye.fr\/index.php\/wp-json\/wp\/v2\/product_cat?post=63"},{"taxonomy":"product_tag","embeddable":true,"href":"https:\/\/grespuisaye.fr\/index.php\/wp-json\/wp\/v2\/product_tag?post=63"}],"curies":[{"name":"wp","href":"https:\/\/api.w.org\/{rel}","templated":true}]}}