{"id":529,"date":"2025-11-08T15:27:18","date_gmt":"2025-11-08T14:27:18","guid":{"rendered":"https:\/\/grespuisaye.fr\/?page_id=529"},"modified":"2025-11-08T15:27:18","modified_gmt":"2025-11-08T14:27:18","slug":"mentions-legales","status":"publish","type":"page","link":"https:\/\/grespuisaye.fr\/index.php\/mentions-legales\/","title":{"rendered":"Mentions l\u00e9gales"},"content":{"rendered":"\n<h3 class=\"wp-block-heading\"><strong>1. \u00c9diteur du site<\/strong><\/h3>\n\n\n\n<p><strong>Nom du site :<\/strong> www.grespuisaye.fr<br><strong>Propri\u00e9taire \/ \u00c9diteur :<\/strong> Nesly Emmanuel<br><strong>Email :<\/strong> contact@grespuisaye.fr<br><strong>Responsable de la publication :<\/strong> Nesly Emmanuel<\/p>\n\n\n\n<hr class=\"wp-block-separator has-alpha-channel-opacity\"\/>\n\n\n\n<h3 class=\"wp-block-heading\"><strong>2. H\u00e9bergeur<\/strong><\/h3>\n\n\n\n<p><strong>Nom de l\u2019h\u00e9bergeur :<\/strong> OVH SAS<br><strong>Adresse :<\/strong> 2, rue Kellermann \u2013 59100 Roubaix \u2013 France<br><strong>T\u00e9l\u00e9phone :<\/strong> 1007 (num\u00e9ro gratuit depuis un poste fixe en France)<br><strong>Site web :<\/strong><a href=\"https:\/\/www.ovhcloud.com\">https:\/\/www.ovhcloud.com<\/a><\/p>\n\n\n\n<hr class=\"wp-block-separator has-alpha-channel-opacity\"\/>\n\n\n\n<h3 class=\"wp-block-heading\"><strong>3. Propri\u00e9t\u00e9 intellectuelle<\/strong><\/h3>\n\n\n\n<p>L\u2019ensemble du contenu pr\u00e9sent sur le site (textes, images, logos, graphismes, ic\u00f4nes, etc.) est la propri\u00e9t\u00e9 exclusive de Nesly Emmanuel ou de ses partenaires.<br>Toute reproduction, distribution, modification ou exploitation du contenu sans autorisation pr\u00e9alable est strictement interdite.<\/p>\n\n\n\n<hr class=\"wp-block-separator has-alpha-channel-opacity\"\/>\n\n\n\n<h3 class=\"wp-block-heading\"><strong>4. Donn\u00e9es personnelles<\/strong><\/h3>\n\n\n\n<p>Les informations collect\u00e9es via les formulaires ou lors d\u2019une commande sont destin\u00e9es exclusivement \u00e0 [nom du site] et ne seront en aucun cas vendues \u00e0 des tiers.<br>Conform\u00e9ment au <strong>R\u00e8glement G\u00e9n\u00e9ral sur la Protection des Donn\u00e9es (RGPD)<\/strong>, vous disposez d\u2019un droit d\u2019acc\u00e8s, de rectification et de suppression de vos donn\u00e9es en \u00e9crivant \u00e0 : contact@grespuisaye.fr<\/p>\n","protected":false},"excerpt":{"rendered":"<p>1. \u00c9diteur du site Nom du site : www.grespuisaye.frPropri\u00e9taire \/ \u00c9diteur : Nesly EmmanuelEmail : contact@grespuisaye.frResponsable de la publication : Nesly Emmanuel 2. H\u00e9bergeur Nom de l\u2019h\u00e9bergeur : OVH SASAdresse : 2, rue Kellermann \u2013 59100 Roubaix \u2013 FranceT\u00e9l\u00e9phone : 1007 (num\u00e9ro gratuit depuis un poste fixe en France)Site web :https:\/\/www.ovhcloud.com 3. Propri\u00e9t\u00e9 intellectuelle L\u2019ensemble [&hellip;]<\/p>\n","protected":false},"author":1,"featured_media":0,"parent":0,"menu_order":0,"comment_status":"closed","ping_status":"closed","template":"","meta":{"footnotes":""},"class_list":["post-529","page","type-page","status-publish","hentry"],"_links":{"self":[{"href":"https:\/\/grespuisaye.fr\/index.php\/wp-json\/wp\/v2\/pages\/529","targetHints":{"allow":["GET"]}}],"collection":[{"href":"https:\/\/grespuisaye.fr\/index.php\/wp-json\/wp\/v2\/pages"}],"about":[{"href":"https:\/\/grespuisaye.fr\/index.php\/wp-json\/wp\/v2\/types\/page"}],"author":[{"embeddable":true,"href":"https:\/\/grespuisaye.fr\/index.php\/wp-json\/wp\/v2\/users\/1"}],"replies":[{"embeddable":true,"href":"https:\/\/grespuisaye.fr\/index.php\/wp-json\/wp\/v2\/comments?post=529"}],"version-history":[{"count":1,"href":"https:\/\/grespuisaye.fr\/index.php\/wp-json\/wp\/v2\/pages\/529\/revisions"}],"predecessor-version":[{"id":530,"href":"https:\/\/grespuisaye.fr\/index.php\/wp-json\/wp\/v2\/pages\/529\/revisions\/530"}],"wp:attachment":[{"href":"https:\/\/grespuisaye.fr\/index.php\/wp-json\/wp\/v2\/media?parent=529"}],"curies":[{"name":"wp","href":"https:\/\/api.w.org\/{rel}","templated":true}]}}