{"id":202,"date":"2025-09-18T13:26:23","date_gmt":"2025-09-18T11:26:23","guid":{"rendered":"http:\/\/grespuisaye.fr\/livre\/?page_id=202"},"modified":"2025-11-08T11:34:30","modified_gmt":"2025-11-08T10:34:30","slug":"a-voir-en-puisaye","status":"publish","type":"page","link":"https:\/\/grespuisaye.fr\/index.php\/a-voir-en-puisaye\/","title":{"rendered":"A voir en Puisaye"},"content":{"rendered":"\n<div class=\"wp-block-group alignfull has-accent-5-background-color has-background has-global-padding is-layout-constrained wp-container-core-group-is-layout-d89aad35 wp-block-group-is-layout-constrained\" style=\"margin-top:0;margin-bottom:0;padding-top:var(--wp--preset--spacing--50);padding-right:var(--wp--preset--spacing--50);padding-bottom:var(--wp--preset--spacing--50);padding-left:var(--wp--preset--spacing--50)\">\n<div class=\"wp-block-columns alignwide is-layout-flex wp-container-core-columns-is-layout-1da03c2a wp-block-columns-is-layout-flex\">\n<div class=\"wp-block-column is-vertically-aligned-center is-layout-flow wp-block-column-is-layout-flow\" style=\"flex-basis:60%\">\n<figure class=\"wp-block-image size-large is-resized\"><img decoding=\"async\" src=\"http:\/\/grespuisaye.fr\/wp-content\/uploads\/2025\/09\/Sobu-300dpi-057_Sofi-Buquet-ceramique-scaled-1-1024x683.jpg\" alt=\"\" style=\"width:507px;height:auto\"\/><\/figure>\n<\/div>\n\n\n\n<div class=\"wp-block-column is-layout-flow wp-block-column-is-layout-flow\" style=\"flex-basis:40%\">\n<h2 class=\"wp-block-heading\">Venez voir les cr\u00e9ateurs de Puisaye<\/h2>\n\n\n\n<p>Venez rencontrer les c\u00e9ramistes de talents et d\u00e9couvrez des pi\u00e8ces uniques.<\/p>\n\n\n\n<div class=\"wp-block-buttons is-layout-flex wp-block-buttons-is-layout-flex\">\n<div class=\"wp-block-button\"><a class=\"wp-block-button__link wp-element-button\" href=\"http:\/\/grespuisaye.fr\/livre\/index.php\/aujourdhui-a-st-amand-en-puisaye\/\">Voir les ateliers<\/a><\/div>\n<\/div>\n<\/div>\n<\/div>\n<\/div>\n\n\n\n<div class=\"wp-block-group alignfull has-global-padding is-content-justification-center is-layout-constrained wp-container-core-group-is-layout-c7f866ca wp-block-group-is-layout-constrained\" style=\"margin-top:0;margin-bottom:0;padding-top:calc( 0.5 * var(--wp--style--root--padding-right, var(--wp--custom--gap--horizontal)));padding-right:var(--wp--style--root--padding-right, var(--wp--custom--gap--horizontal));padding-bottom:calc( 0.5 * var(--wp--style--root--padding-right, var(--wp--custom--gap--horizontal)));padding-left:var(--wp--style--root--padding-left, var(--wp--custom--gap--horizontal))\">\n<div style=\"height:calc( 0.25 * var(--wp--style--root--padding-right, var(--wp--custom--gap--horizontal)))\" aria-hidden=\"true\" class=\"wp-block-spacer\"><\/div>\n\n\n\n<div class=\"wp-block-columns alignfull is-layout-flex wp-container-core-columns-is-layout-7c9548a8 wp-block-columns-is-layout-flex\" style=\"padding-top:0;padding-right:0;padding-bottom:0;padding-left:0\">\n<div class=\"wp-block-column is-layout-flow wp-block-column-is-layout-flow\">\n<div class=\"wp-block-cover is-light\"><img loading=\"lazy\" decoding=\"async\" width=\"1024\" height=\"682\" class=\"wp-block-cover__image-background wp-image-203 size-large\" alt=\"\" src=\"http:\/\/grespuisaye.fr\/livre\/wp-content\/uploads\/2025\/09\/bnb_image_37-1-1024x682.jpeg\" data-object-fit=\"cover\" srcset=\"https:\/\/grespuisaye.fr\/wp-content\/uploads\/2025\/09\/bnb_image_37-1-1024x682.jpeg 1024w, https:\/\/grespuisaye.fr\/wp-content\/uploads\/2025\/09\/bnb_image_37-1-300x200.jpeg 300w, https:\/\/grespuisaye.fr\/wp-content\/uploads\/2025\/09\/bnb_image_37-1-768x512.jpeg 768w, https:\/\/grespuisaye.fr\/wp-content\/uploads\/2025\/09\/bnb_image_37-1-1536x1024.jpeg 1536w, https:\/\/grespuisaye.fr\/wp-content\/uploads\/2025\/09\/bnb_image_37-1-600x400.jpeg 600w, https:\/\/grespuisaye.fr\/wp-content\/uploads\/2025\/09\/bnb_image_37-1.jpeg 2000w\" sizes=\"auto, (max-width: 1024px) 100vw, 1024px\" \/><span aria-hidden=\"true\" class=\"wp-block-cover__background has-background-dim-0 has-background-dim\" style=\"background-color:#938a83\"><\/span><div class=\"wp-block-cover__inner-container is-layout-flow wp-block-cover-is-layout-flow\">\n<p class=\"has-text-align-center has-large-font-size\"><\/p>\n<\/div><\/div>\n<\/div>\n\n\n\n<div class=\"wp-block-column is-vertically-aligned-center has-global-padding is-layout-constrained wp-container-core-column-is-layout-254f1302 wp-block-column-is-layout-constrained\" style=\"padding-top:0;padding-right:0;padding-bottom:0;padding-left:0\">\n<div class=\"wp-block-group alignfull is-layout-flow wp-block-group-is-layout-flow\" style=\"margin-top:var(--wp--preset--spacing--40);margin-bottom:var(--wp--preset--spacing--40);padding-top:0px;padding-right:60px;padding-bottom:0px;padding-left:60px\">\n<h2 class=\"wp-block-heading has-text-align-left has-large-font-size\"><strong>Mus\u00e9e du gr\u00e8s<\/strong> &#8211; St-Amand-en-Puisaye<\/h2>\n\n\n\n<p style=\"margin-bottom:var(--wp--preset--spacing--40)\">Install\u00e9 dans plusieurs salles d\u2019un ch\u00e2teau Louis XIII, le mus\u00e9e du gr\u00e8s de Saint Amand en Puisaye se donne pour ambition de retracer, \u00e0 l\u2019aide d\u2019une collection de gr\u00e8s, quatre si\u00e8cles d\u2019une histoire qui a fa\u00e7onn\u00e9 le paysage et les hommes.<\/p>\n\n\n\n<div class=\"wp-block-buttons is-layout-flex wp-block-buttons-is-layout-flex\" style=\"margin-top:64px\">\n<div class=\"wp-block-button has-custom-font-size\"><a class=\"wp-block-button__link has-text-align-left wp-element-button\" href=\"https:\/\/www.museedugres.fr\/bnb\/bnb-1-1\" target=\"_blank\" rel=\"noreferrer noopener\">Mus\u00e9e du gr\u00e8s<\/a><\/div>\n<\/div>\n<\/div>\n<\/div>\n<\/div>\n\n\n\n<div class=\"wp-block-columns alignfull is-layout-flex wp-container-core-columns-is-layout-7c9548a8 wp-block-columns-is-layout-flex\" style=\"padding-top:0;padding-right:0;padding-bottom:0;padding-left:0\">\n<div class=\"wp-block-column is-vertically-aligned-center is-layout-flow wp-block-column-is-layout-flow\" style=\"padding-top:0;padding-right:0;padding-bottom:0;padding-left:0\">\n<div class=\"wp-block-group has-global-padding is-layout-constrained wp-container-core-group-is-layout-bd9266ff wp-block-group-is-layout-constrained\" style=\"padding-top:50px;padding-right:50px;padding-bottom:50px;padding-left:50px\">\n<div class=\"wp-block-group is-layout-flow wp-block-group-is-layout-flow\">\n<h5 class=\"wp-block-heading\" style=\"text-transform:capitalize\"><strong>Maison de la m\u00e9moire Poti\u00e8re &#8211; St-Amand-en-Puisaye<\/strong><\/h5>\n\n\n\n<p style=\"margin-top:25px;margin-right:0;margin-bottom:0;margin-left:0;padding-top:0;padding-right:0;padding-bottom:0;padding-left:0\">Rare vestige quasiment intact des poteries du 19\u00e8me si\u00e8cle, l&rsquo;ancienne poterie de Cadet Gaubier est devenue la Maison de la M\u00e9moire Poti\u00e8re, o\u00f9 vous pourrez d\u00e9couvrir toutes les facettes du travail traditionnel des potiers de gr\u00e8s<\/p>\n<\/div>\n\n\n\n<div class=\"wp-block-group is-layout-flow wp-block-group-is-layout-flow\">\n<h5 class=\"wp-block-heading\" style=\"text-transform:capitalize\"><\/h5>\n\n\n\n<p style=\"margin-top:25px\"><\/p>\n<\/div>\n<\/div>\n<\/div>\n\n\n\n<div class=\"wp-block-column is-vertically-aligned-center is-layout-flow wp-block-column-is-layout-flow\">\n<div class=\"wp-block-cover\"><img loading=\"lazy\" decoding=\"async\" width=\"700\" height=\"429\" class=\"wp-block-cover__image-background wp-image-204 size-full\" alt=\"\" src=\"http:\/\/grespuisaye.fr\/livre\/wp-content\/uploads\/2025\/09\/maison-memoire-potiere-st-amand-en-puisaye.jpg\" data-object-fit=\"cover\" srcset=\"https:\/\/grespuisaye.fr\/wp-content\/uploads\/2025\/09\/maison-memoire-potiere-st-amand-en-puisaye.jpg 700w, https:\/\/grespuisaye.fr\/wp-content\/uploads\/2025\/09\/maison-memoire-potiere-st-amand-en-puisaye-300x184.jpg 300w, https:\/\/grespuisaye.fr\/wp-content\/uploads\/2025\/09\/maison-memoire-potiere-st-amand-en-puisaye-600x368.jpg 600w\" sizes=\"auto, (max-width: 700px) 100vw, 700px\" \/><span aria-hidden=\"true\" class=\"wp-block-cover__background has-background-dim-0 has-background-dim\" style=\"background-color:#504537\"><\/span><div class=\"wp-block-cover__inner-container is-layout-flow wp-block-cover-is-layout-flow\">\n<p class=\"has-text-align-center has-large-font-size\"><\/p>\n<\/div><\/div>\n<\/div>\n<\/div>\n\n\n\n<div style=\"height:calc( 0.25 * var(--wp--style--root--padding-right, var(--wp--custom--gap--horizontal)))\" aria-hidden=\"true\" class=\"wp-block-spacer\"><\/div>\n<\/div>\n\n\n\n<div class=\"wp-block-group alignfull has-global-padding is-content-justification-center is-layout-constrained wp-container-core-group-is-layout-df757ecc wp-block-group-is-layout-constrained\" style=\"margin-top:0;margin-bottom:0;padding-top:calc( 0.5 * var(--wp--style--root--padding-right, var(--wp--custom--gap--horizontal)));padding-right:var(--wp--style--root--padding-right, var(--wp--custom--gap--horizontal));padding-bottom:calc( 0.5 * var(--wp--style--root--padding-right, var(--wp--custom--gap--horizontal)));padding-left:var(--wp--style--root--padding-left, var(--wp--custom--gap--horizontal))\">\n<div style=\"height:calc( 0.25 * var(--wp--style--root--padding-right, var(--wp--custom--gap--horizontal)))\" aria-hidden=\"true\" class=\"wp-block-spacer\"><\/div>\n\n\n\n<div class=\"wp-block-columns alignwide is-layout-flex wp-container-core-columns-is-layout-549b0c86 wp-block-columns-is-layout-flex\">\n<div class=\"wp-block-column is-layout-flow wp-block-column-is-layout-flow\">\n<h3 class=\"wp-block-heading has-medium-font-size\" style=\"font-style:normal;font-weight:700\">Mus\u00e9e du gr\u00e8s ancien &#8211; Premery (58)<\/h3>\n\n\n\n<div class=\"wp-block-group has-global-padding is-layout-constrained wp-block-group-is-layout-constrained\" style=\"padding-bottom:4px\">\n<figure class=\"wp-block-image size-large\"><img decoding=\"async\" src=\"http:\/\/grespuisaye.fr\/wp-content\/uploads\/2025\/09\/e606a50947c7387a039c9262f5882ceb-Premery02-1024x570-1.jpg\" alt=\"\" style=\"aspect-ratio:3\/2;object-fit:cover\"\/><\/figure>\n<\/div>\n\n\n\n<p>La pr\u00e9sence de plus de 250 oeuvres de \u00ab\u00a0l&rsquo;\u00e9cole de carri\u00e8s\u00a0\u00bb et l&rsquo;imposante collection de gr\u00e8s traditionnels du Berry, et de la Puisaye font de ce mus\u00e9e une \u00e9tape obligatoire.<\/p>\n\n\n\n<p><a href=\"https:\/\/www.bourgogne-tourisme.com\/musees\/musee-du-gres-ancien-3\" target=\"_blank\" rel=\"noreferrer noopener\">Voir<\/a><\/p>\n<\/div>\n\n\n\n<div class=\"wp-block-column is-layout-flow wp-block-column-is-layout-flow\">\n<h3 class=\"wp-block-heading has-medium-font-size\" style=\"font-style:normal;font-weight:700\">Chemin Carri\u00e8s &#8211; St-Amand-en-Puisaye (58)<\/h3>\n\n\n\n<figure class=\"wp-block-image size-large\"><img decoding=\"async\" src=\"http:\/\/grespuisaye.fr\/plans\/chemin-carries\/3-archature-cacheleux.jpg\" alt=\"\" style=\"aspect-ratio:3\/2;object-fit:cover\"\/><\/figure>\n\n\n\n<p>Chemin Carri\u00e8s : En 2005, \u00e0 l&rsquo;occasion du 150e anniversaire de la naissance de Jean Carri\u00e8s, les Amis du mus\u00e9e du Gr\u00e8s ont entrepris d&rsquo;am\u00e9nager le chemin de randonn\u00e9e, il sera jalonn\u00e9 d&rsquo;oeuvres d&rsquo;artistes contemporains : LINARD, DOIX, LANOS, GAUDEBERT, LACHENY, BUCHET &#8230;.<\/p>\n<\/div>\n\n\n\n<div class=\"wp-block-column is-layout-flow wp-block-column-is-layout-flow\">\n<h3 class=\"wp-block-heading has-medium-font-size\" style=\"font-style:normal;font-weight:700\">Chateau de Ratilly &#8211; Treigny (89)<\/h3>\n\n\n\n<div class=\"wp-block-group has-global-padding is-layout-constrained wp-block-group-is-layout-constrained\" style=\"padding-bottom:4px\">\n<figure class=\"wp-block-image size-large\"><img loading=\"lazy\" decoding=\"async\" width=\"1024\" height=\"678\" src=\"http:\/\/grespuisaye.fr\/livre\/wp-content\/uploads\/2025\/09\/event_gres_ratilly-1024x678.jpg\" alt=\"\" class=\"wp-image-211\" style=\"aspect-ratio:3\/2;object-fit:cover\" srcset=\"https:\/\/grespuisaye.fr\/wp-content\/uploads\/2025\/09\/event_gres_ratilly-1024x678.jpg 1024w, https:\/\/grespuisaye.fr\/wp-content\/uploads\/2025\/09\/event_gres_ratilly-300x199.jpg 300w, https:\/\/grespuisaye.fr\/wp-content\/uploads\/2025\/09\/event_gres_ratilly-768x508.jpg 768w, https:\/\/grespuisaye.fr\/wp-content\/uploads\/2025\/09\/event_gres_ratilly-1536x1017.jpg 1536w, https:\/\/grespuisaye.fr\/wp-content\/uploads\/2025\/09\/event_gres_ratilly-600x397.jpg 600w, https:\/\/grespuisaye.fr\/wp-content\/uploads\/2025\/09\/event_gres_ratilly.jpg 1586w\" sizes=\"auto, (max-width: 1024px) 100vw, 1024px\" \/><\/figure>\n<\/div>\n\n\n\n<p>Au d\u00e9bouch\u00e9 d\u2019un chemin, surgit l\u2019impressionnante fa\u00e7ade du ch\u00e2teau de Ratilly, v\u00e9ritable forteresse m\u00e9di\u00e9vale, au c\u0153ur d\u2019une campagne intacte. Apr\u00e8s diff\u00e9rents embellissements \u00e0 la renaissance, il abrite aujourd\u2019hui autour d\u2019une cour apaisante, un atelier artisanal de poterie et un centre d\u2019art.<\/p>\n\n\n\n<p><a href=\"https:\/\/chateauderatilly.fr\/\" target=\"_blank\" rel=\"noreferrer noopener\">Voir<\/a><\/p>\n<\/div>\n<\/div>\n\n\n\n<div style=\"height:calc( 0.25 * var(--wp--style--root--padding-right, var(--wp--custom--gap--horizontal)))\" aria-hidden=\"true\" class=\"wp-block-spacer\"><\/div>\n<\/div>\n\n\n\n<div class=\"wp-block-group alignfull has-global-padding is-content-justification-center is-layout-constrained wp-container-core-group-is-layout-df757ecc wp-block-group-is-layout-constrained\" style=\"margin-top:0;margin-bottom:0;padding-top:calc( 0.5 * var(--wp--style--root--padding-right, var(--wp--custom--gap--horizontal)));padding-right:var(--wp--style--root--padding-right, var(--wp--custom--gap--horizontal));padding-bottom:calc( 0.5 * var(--wp--style--root--padding-right, var(--wp--custom--gap--horizontal)));padding-left:var(--wp--style--root--padding-left, var(--wp--custom--gap--horizontal))\">\n<div style=\"height:calc( 0.25 * var(--wp--style--root--padding-right, var(--wp--custom--gap--horizontal)))\" aria-hidden=\"true\" class=\"wp-block-spacer\"><\/div>\n\n\n\n<div class=\"wp-block-columns alignwide is-layout-flex wp-container-core-columns-is-layout-549b0c86 wp-block-columns-is-layout-flex\">\n<div class=\"wp-block-column is-layout-flow wp-block-column-is-layout-flow\">\n<h3 class=\"wp-block-heading has-medium-font-size\" style=\"font-style:normal;font-weight:700\">Le Couvent &#8211; Treigny (89)<\/h3>\n\n\n\n<div class=\"wp-block-group has-global-padding is-layout-constrained wp-block-group-is-layout-constrained\" style=\"padding-bottom:4px\">\n<figure class=\"wp-block-image size-large\"><img decoding=\"async\" src=\"https:\/\/www.lecouventdetreigny.com\/images\/files\/ExtendedRubriques\/diapos\/1-salle-le-mancq-et-petibon-2024-jpg?w=1600&amp;fit=max&amp;s=454c9c066823f44c6c6a9230a24ea381\" alt=\"\" style=\"aspect-ratio:3\/2;object-fit:cover\"\/><\/figure>\n<\/div>\n\n\n\n<p>Trois expositions de c\u00e9ramiques contemporaines install\u00e9es dans les six salles du Couvent du XVe si\u00e8cle, un festival de c\u00e9ramique en ao\u00fbt, ainsi que diverses animations accueillent plus de 6 000 visiteurs.<\/p>\n\n\n\n<p><a href=\"https:\/\/www.lecouventdetreigny.com\/\">Voir<\/a><\/p>\n<\/div>\n\n\n\n<div class=\"wp-block-column is-layout-flow wp-block-column-is-layout-flow\">\n<h3 class=\"wp-block-heading has-medium-font-size\" style=\"font-style:normal;font-weight:700\">Galerie de l&rsquo;ancienne Poste &#8211; Toucy (89)<\/h3>\n\n\n\n<div class=\"wp-block-group has-global-padding is-layout-constrained wp-block-group-is-layout-constrained\" style=\"padding-bottom:4px\">\n<figure class=\"wp-block-image size-large\"><img loading=\"lazy\" decoding=\"async\" width=\"1024\" height=\"640\" src=\"http:\/\/grespuisaye.fr\/livre\/wp-content\/uploads\/2025\/09\/Anders-Borgesen_1-1024x640.jpg\" alt=\"\" class=\"wp-image-214\" style=\"aspect-ratio:3\/2;object-fit:cover\" srcset=\"https:\/\/grespuisaye.fr\/wp-content\/uploads\/2025\/09\/Anders-Borgesen_1-1024x640.jpg 1024w, https:\/\/grespuisaye.fr\/wp-content\/uploads\/2025\/09\/Anders-Borgesen_1-300x187.jpg 300w, https:\/\/grespuisaye.fr\/wp-content\/uploads\/2025\/09\/Anders-Borgesen_1-768x480.jpg 768w, https:\/\/grespuisaye.fr\/wp-content\/uploads\/2025\/09\/Anders-Borgesen_1-1536x960.jpg 1536w, https:\/\/grespuisaye.fr\/wp-content\/uploads\/2025\/09\/Anders-Borgesen_1-2048x1280.jpg 2048w, https:\/\/grespuisaye.fr\/wp-content\/uploads\/2025\/09\/Anders-Borgesen_1-600x375.jpg 600w\" sizes=\"auto, (max-width: 1024px) 100vw, 1024px\" \/><\/figure>\n<\/div>\n\n\n\n<p>N\u00e9e en 1997 de la rencontre entre artistes c\u00e9ramistes, collectionneurs et amateurs de c\u00e9ramique contemporaine. La Galerie propose un fonds permanent constitu\u00e9 d&rsquo;une s\u00e9lection d\u2019\u0153uvres de grands noms de la c\u00e9ramique contemporaine<\/p>\n\n\n\n<p><a href=\"https:\/\/galerie-ancienne-poste.com\/fr\/\">Voir<\/a><\/p>\n<\/div>\n\n\n\n<div class=\"wp-block-column is-layout-flow wp-block-column-is-layout-flow\">\n<h3 class=\"wp-block-heading has-medium-font-size\" style=\"font-style:normal;font-weight:700\">MAH de Puisaye &#8211; Villiers-St-Benoit (89)<\/h3>\n\n\n\n<div class=\"wp-block-group has-global-padding is-layout-constrained wp-block-group-is-layout-constrained\" style=\"padding-bottom:4px\">\n<figure class=\"wp-block-image size-large\"><img loading=\"lazy\" decoding=\"async\" width=\"1024\" height=\"691\" src=\"http:\/\/grespuisaye.fr\/livre\/wp-content\/uploads\/2025\/09\/Capture-decran-2025-09-18-140449-1024x691.jpg\" alt=\"\" class=\"wp-image-213\" style=\"aspect-ratio:3\/2;object-fit:cover\" srcset=\"https:\/\/grespuisaye.fr\/wp-content\/uploads\/2025\/09\/Capture-decran-2025-09-18-140449-1024x691.jpg 1024w, https:\/\/grespuisaye.fr\/wp-content\/uploads\/2025\/09\/Capture-decran-2025-09-18-140449-300x202.jpg 300w, https:\/\/grespuisaye.fr\/wp-content\/uploads\/2025\/09\/Capture-decran-2025-09-18-140449-768x518.jpg 768w, https:\/\/grespuisaye.fr\/wp-content\/uploads\/2025\/09\/Capture-decran-2025-09-18-140449-600x405.jpg 600w, https:\/\/grespuisaye.fr\/wp-content\/uploads\/2025\/09\/Capture-decran-2025-09-18-140449.jpg 1070w\" sizes=\"auto, (max-width: 1024px) 100vw, 1024px\" \/><\/figure>\n<\/div>\n\n\n\n<p>Le Mus\u00e9e d&rsquo;Art et d&rsquo;Histoire install\u00e9 dans une belle demeure bourgeoise du XVIIIe s. transform\u00e9e en mus\u00e9e. Au rez-de-chauss\u00e9e, reconstitution d&rsquo;une cuisine bourgeoise poyaudine. Une salle \u00e0 manger avec une collection de c\u00e9ramiques.<\/p>\n\n\n\n<p><a href=\"https:\/\/www.mah-puisaye.fr\/\">Voir<\/a><\/p>\n<\/div>\n<\/div>\n\n\n\n<div style=\"height:calc( 0.25 * var(--wp--style--root--padding-right, var(--wp--custom--gap--horizontal)))\" aria-hidden=\"true\" class=\"wp-block-spacer\"><\/div>\n<\/div>\n\n\n\n<div class=\"wp-block-group alignfull has-global-padding is-content-justification-center is-layout-constrained wp-container-core-group-is-layout-df757ecc wp-block-group-is-layout-constrained\" style=\"margin-top:0;margin-bottom:0;padding-top:calc( 0.5 * var(--wp--style--root--padding-right, var(--wp--custom--gap--horizontal)));padding-right:var(--wp--style--root--padding-right, var(--wp--custom--gap--horizontal));padding-bottom:calc( 0.5 * var(--wp--style--root--padding-right, var(--wp--custom--gap--horizontal)));padding-left:var(--wp--style--root--padding-left, var(--wp--custom--gap--horizontal))\">\n<div style=\"height:calc( 0.25 * var(--wp--style--root--padding-right, var(--wp--custom--gap--horizontal)))\" aria-hidden=\"true\" class=\"wp-block-spacer\"><\/div>\n\n\n\n<div class=\"wp-block-columns alignwide is-layout-flex wp-container-core-columns-is-layout-549b0c86 wp-block-columns-is-layout-flex\">\n<div class=\"wp-block-column is-layout-flow wp-block-column-is-layout-flow\">\n<h3 class=\"wp-block-heading has-medium-font-size\" style=\"font-style:normal;font-weight:700\">Arbres trognes &#8211; St-Amand-en-Puisaye (58)<\/h3>\n\n\n\n<div class=\"wp-block-group has-global-padding is-layout-constrained wp-block-group-is-layout-constrained\" style=\"padding-bottom:4px\">\n<figure class=\"wp-block-image size-large\"><img decoding=\"async\" src=\"http:\/\/grespuisaye.fr\/plans\/trogne\/trogne1.jpg\" alt=\"\" style=\"aspect-ratio:3\/2;object-fit:cover\"\/><\/figure>\n<\/div>\n\n\n\n<p>V\u00e9ritables sculptures vivantes,les trognes sont le r\u00e9sultat des coupes r\u00e9p\u00e9t\u00e9es pendant des d\u00e9cennies utilis\u00e9es en fagots de bois. Les excroissances, qui se d\u00e9veloppent \u00e0 l&rsquo;endroit de la repousse de nouvelles branches, conf\u00e8rent \u00e0 ces arbres une forme unique. Cette particularit\u00e9 est due aux \u00e9lagages p\u00e9riodiques, prolongeant leur esp\u00e9rance de vie. D\u00e9couvrez les chemins de randonn\u00e9e en Puisaye.<\/p>\n\n\n\n<p><\/p>\n<\/div>\n\n\n\n<div class=\"wp-block-column is-layout-flow wp-block-column-is-layout-flow\">\n<h3 class=\"wp-block-heading has-medium-font-size\" style=\"font-style:normal;font-weight:700\">Guedelon &#8211; Treigny (89)<\/h3>\n\n\n\n<div class=\"wp-block-group has-global-padding is-layout-constrained wp-block-group-is-layout-constrained\" style=\"padding-bottom:4px\">\n<figure class=\"wp-block-image size-large\"><img decoding=\"async\" src=\"http:\/\/grespuisaye.fr\/plans\/guedelon\/gue3.jpg\" alt=\"\" style=\"aspect-ratio:3\/2;object-fit:cover\"\/><\/figure>\n<\/div>\n\n\n\n<p>Dans un paysage de l&rsquo;An Mil, ils construisent un ch\u00e2teau fort dans le respect des techniques du XIIIe si\u00e8cle.<\/p>\n\n\n\n<p><a href=\"https:\/\/www.guedelon.fr\/\" target=\"_blank\" rel=\"noreferrer noopener\">Voir<\/a><\/p>\n<\/div>\n\n\n\n<div class=\"wp-block-column is-layout-flow wp-block-column-is-layout-flow\">\n<h3 class=\"wp-block-heading has-medium-font-size\" style=\"font-style:normal;font-weight:700\">La B\u00e2tisse &#8211; Moutiers-en-Puisaye (89)<\/h3>\n\n\n\n<div class=\"wp-block-group has-global-padding is-layout-constrained wp-block-group-is-layout-constrained\" style=\"padding-bottom:4px\">\n<figure class=\"wp-block-image size-large\"><img loading=\"lazy\" decoding=\"async\" width=\"1024\" height=\"681\" src=\"http:\/\/grespuisaye.fr\/livre\/wp-content\/uploads\/2025\/09\/a-1024x681.jpg\" alt=\"\" class=\"wp-image-212\" style=\"aspect-ratio:3\/2;object-fit:cover\" srcset=\"https:\/\/grespuisaye.fr\/wp-content\/uploads\/2025\/09\/a-1024x681.jpg 1024w, https:\/\/grespuisaye.fr\/wp-content\/uploads\/2025\/09\/a-300x200.jpg 300w, https:\/\/grespuisaye.fr\/wp-content\/uploads\/2025\/09\/a-768x511.jpg 768w, https:\/\/grespuisaye.fr\/wp-content\/uploads\/2025\/09\/a-600x399.jpg 600w, https:\/\/grespuisaye.fr\/wp-content\/uploads\/2025\/09\/a.jpg 1055w\" sizes=\"auto, (max-width: 1024px) 100vw, 1024px\" \/><\/figure>\n<\/div>\n\n\n\n<p>Fond\u00e9e au XVIIIe s., La B\u00e2tisse a vu se succ\u00e9der 10 g\u00e9n\u00e9rations de potiers de p\u00e8re en fils. Dans l\u2019atelier de 1930 toujours en activit\u00e9 o\u00f9 se reproduisent des gestes ancestraux : le p\u00e9trissage de la terre, le tournage et l\u2019\u00e9maillage, la Poterie de la B\u00e2tisse vous fera voyager au travers du temps !<\/p>\n\n\n\n<p><a href=\"https:\/\/poterie-batisse.com\/\">Voir<\/a><\/p>\n<\/div>\n<\/div>\n\n\n\n<div style=\"height:calc( 0.25 * var(--wp--style--root--padding-right, var(--wp--custom--gap--horizontal)))\" aria-hidden=\"true\" class=\"wp-block-spacer\"><\/div>\n<\/div>\n\n\n\n<p><\/p>\n","protected":false},"excerpt":{"rendered":"<p>Venez voir les cr\u00e9ateurs de Puisaye Venez rencontrer les c\u00e9ramistes de talents et d\u00e9couvrez des pi\u00e8ces uniques. Mus\u00e9e du gr\u00e8s &#8211; St-Amand-en-Puisaye Install\u00e9 dans plusieurs salles d\u2019un ch\u00e2teau Louis XIII, le mus\u00e9e du gr\u00e8s de Saint Amand en Puisaye se donne pour ambition de retracer, \u00e0 l\u2019aide d\u2019une collection de gr\u00e8s, quatre si\u00e8cles d\u2019une histoire [&hellip;]<\/p>\n","protected":false},"author":1,"featured_media":0,"parent":0,"menu_order":0,"comment_status":"closed","ping_status":"closed","template":"","meta":{"footnotes":""},"class_list":["post-202","page","type-page","status-publish","hentry"],"_links":{"self":[{"href":"https:\/\/grespuisaye.fr\/index.php\/wp-json\/wp\/v2\/pages\/202","targetHints":{"allow":["GET"]}}],"collection":[{"href":"https:\/\/grespuisaye.fr\/index.php\/wp-json\/wp\/v2\/pages"}],"about":[{"href":"https:\/\/grespuisaye.fr\/index.php\/wp-json\/wp\/v2\/types\/page"}],"author":[{"embeddable":true,"href":"https:\/\/grespuisaye.fr\/index.php\/wp-json\/wp\/v2\/users\/1"}],"replies":[{"embeddable":true,"href":"https:\/\/grespuisaye.fr\/index.php\/wp-json\/wp\/v2\/comments?post=202"}],"version-history":[{"count":5,"href":"https:\/\/grespuisaye.fr\/index.php\/wp-json\/wp\/v2\/pages\/202\/revisions"}],"predecessor-version":[{"id":512,"href":"https:\/\/grespuisaye.fr\/index.php\/wp-json\/wp\/v2\/pages\/202\/revisions\/512"}],"wp:attachment":[{"href":"https:\/\/grespuisaye.fr\/index.php\/wp-json\/wp\/v2\/media?parent=202"}],"curies":[{"name":"wp","href":"https:\/\/api.w.org\/{rel}","templated":true}]}}