{"id":166,"date":"2025-09-16T15:45:27","date_gmt":"2025-09-16T13:45:27","guid":{"rendered":"http:\/\/grespuisaye.fr\/livre\/?page_id=166"},"modified":"2025-11-07T10:02:19","modified_gmt":"2025-11-07T09:02:19","slug":"aujourdhui-a-st-amand-en-puisaye","status":"publish","type":"page","link":"https:\/\/grespuisaye.fr\/index.php\/aujourdhui-a-st-amand-en-puisaye\/","title":{"rendered":"Aujourd&rsquo;hui \u00e0 St Amand en Puisaye"},"content":{"rendered":"\n<p><\/p>\n\n\n\n<figure class=\"wp-block-image alignwide size-large\"><img loading=\"lazy\" decoding=\"async\" width=\"1024\" height=\"645\" src=\"http:\/\/grespuisaye.fr\/livre\/wp-content\/uploads\/2025\/10\/lesatliers-1-1024x645.jpg\" alt=\"\" class=\"wp-image-414\" srcset=\"https:\/\/grespuisaye.fr\/wp-content\/uploads\/2025\/10\/lesatliers-1-1024x645.jpg 1024w, https:\/\/grespuisaye.fr\/wp-content\/uploads\/2025\/10\/lesatliers-1-300x189.jpg 300w, https:\/\/grespuisaye.fr\/wp-content\/uploads\/2025\/10\/lesatliers-1-768x484.jpg 768w, https:\/\/grespuisaye.fr\/wp-content\/uploads\/2025\/10\/lesatliers-1-1536x968.jpg 1536w, https:\/\/grespuisaye.fr\/wp-content\/uploads\/2025\/10\/lesatliers-1-600x378.jpg 600w, https:\/\/grespuisaye.fr\/wp-content\/uploads\/2025\/10\/lesatliers-1.jpg 1595w\" sizes=\"auto, (max-width: 1024px) 100vw, 1024px\" \/><\/figure>\n\n\n<p>&nbsp;<\/p>\n<table>\n<tbody>\n<tr>\n<td>1. Jean-Lin Chevillotte<br \/>bijoutier cr\u00e9ateur\n<p>46 Grande Rue<br \/>58310 Saint-Amand-en-Puisaye<br \/>03.86.20.05.07<\/p>\n<p>Ouvert : tous les jours de 10h00 \u00e0 12h00<br \/>et de 15h00 \u00e0 18h00, ferm\u00e9 le mercredi<\/p>\n<\/td>\n<td><img decoding=\"async\" src=\"http:\/\/grespuisaye.fr\/renouveau\/aujourdhui\/28%20chevillotte.jpg\" width=\"400\" \/><\/td>\n<\/tr>\n<tr>\n<td><img decoding=\"async\" src=\"http:\/\/grespuisaye.fr\/renouveau\/aujourdhui\/29 bigot.jpg\" width=\"400\" \/><\/td>\n<td>2. Rozenn Bigot<br \/>c\u00e9ramiste\n<p>Boutique Kesako<br \/>50 Grande Rue<br \/>58310 Saint-Amand-en-Puisaye<br \/>06.84.37.16.67<\/p>\n<p>Ouvert : JVS de 10h00 \u00e0 19h00<br \/>juillet, ao\u00fbt et d\u00e9cembre, tous les jours sauf le mardi<\/p>\n<\/td>\n<\/tr>\n<tr>\n<td>3. David Badal<br \/>c\u00e9ramiste\n<p>Les Ateliers de la Fabrique<br \/>86 Route de Cosne<br \/>58310 Saint-Amand-en-Puisaye<br \/>06.40.24.82.46<\/p>\n<p>Ouvert sur RDV<\/p>\n<\/td>\n<td><img decoding=\"async\" src=\"http:\/\/grespuisaye.fr\/renouveau\/aujourdhui\/19 badal d.jpg\" width=\"400\" \/><\/td>\n<\/tr>\n<tr>\n<td><img decoding=\"async\" src=\"http:\/\/grespuisaye.fr\/renouveau\/aujourdhui\/20 Sobu.jpg\" width=\"400\" \/><\/td>\n<td>4. Sofi Buquet<br \/>c\u00e9ramiste\n<p>Les Ateliers de la Fabrique<br \/>86 Route de Cosne<br \/>58310 Saint-Amand-en-Puisaye<br \/>06.32.98.00.75<\/p>\n<p>Ouvert : voir planning \u00e0 l&rsquo;Office de Tourisme<\/p>\n<\/td>\n<\/tr>\n<tr>\n<td>5. Diana Hajdu<br \/>La Pas Poti\u00e8re<br \/>c\u00e9ramiste architecturale\n<p>Les Ateliers de la Fabrique<br \/>86 Route de Cosne<br \/>58310 Saint-Amand-en-Puisaye<br \/>03.86.26.22.78 ou 07.88.64.63.40<\/p>\n<p>Ouvert sur RDV<\/p>\n<\/td>\n<td><img decoding=\"async\" src=\"http:\/\/grespuisaye.fr\/renouveau\/aujourdhui\/22 hadju.jpg\" width=\"400\" \/><\/td>\n<\/tr>\n<tr>\n<td><img decoding=\"async\" src=\"http:\/\/grespuisaye.fr\/renouveau\/aujourdhui\/21 danhieux.jpg\" width=\"400\" \/><\/td>\n<td>6. Alistair Danhieux<br \/>c\u00e9ramiste\n<p>Les Ateliers de la Fabrique<br \/>86 Route de Cosne<br \/>58310 Saint-Amand-en-Puisaye<br \/>06.04.06.26.42<\/p>\n<p>Ouvert sur RDV<\/p>\n<\/td>\n<\/tr>\n<tr>\n<td>7. Sylvie Ayel<br \/>c\u00e9ramiste\n<p>2 Rue de l&rsquo;\u00c9tang<br \/>58310 Saint-V\u00e9rain<br \/>06.78.69.97.57<\/p>\n<p>Ouvert sur RDV<\/p>\n<\/td>\n<td><img decoding=\"async\" src=\"http:\/\/grespuisaye.fr\/renouveau\/aujourdhui\/24 ayel.jpg\" width=\"400\" \/><\/td>\n<\/tr>\n<tr>\n<td><img loading=\"lazy\" decoding=\"async\" class=\"alignnone size-medium wp-image-426\" src=\"http:\/\/grespuisaye.fr\/livre\/wp-content\/uploads\/2025\/10\/toto-300x291.jpg\" alt=\"\" width=\"300\" height=\"291\" srcset=\"https:\/\/grespuisaye.fr\/wp-content\/uploads\/2025\/10\/toto-300x291.jpg 300w, https:\/\/grespuisaye.fr\/wp-content\/uploads\/2025\/10\/toto.jpg 400w\" sizes=\"auto, (max-width: 300px) 100vw, 300px\" \/><\/td>\n<td>8. Toto &#8211; Thomas Richardot<br \/>c\u00e9ramiste\n<p>Le Point du Jour<br \/>58310 Saint-V\u00e9rain<br \/>06.99.44.57.35<\/p>\n<p>Ouvert sur RDV<\/p>\n<\/td>\n<\/tr>\n<tr>\n<td>9. Isabelle Daucourt-Mignon<br \/>c\u00e9ramiste\n<p>81 Route de Cosne<br \/>58310 Saint-Amand-en-Puisaye<br \/>06.20.31.34.24<\/p>\n<p>Ouvert samedi et dimanche 10h00 \u00e0 19h00<br \/>sinon sur RDV <\/p>\n<p>&nbsp;<\/p>\n<\/td>\n<td><img decoding=\"async\" src=\"http:\/\/grespuisaye.fr\/renouveau\/aujourdhui\/27 Daucourt.jpg\" width=\"400\" \/>\n<p>&nbsp;<\/p>\n<\/td>\n<\/tr>\n<tr>\n<td><img decoding=\"async\" src=\"http:\/\/grespuisaye.fr\/renouveau\/aujourdhui\/18 Poterie de l'Etang.jpg\" width=\"400\" \/><\/td>\n<td>10. Poterie de l&rsquo;\u00c9tang<br \/>c\u00e9ramistes\n<p>C\u00e9ramique Traditionnelle des Guimards<br \/>60 Route de Cosne<br \/>58310 Saint-Amand-en-Puisaye<br \/>03.86.39.71.08<\/p>\n<p>Ouvert : de P\u00e2ques \u00e0 septembre. <br \/>du mardi au vendredi de 14h30 \u00e0 18h30 et les<br \/>week-ends de 10h30 \u00e0 12h30 et de 14h30 \u00e0 18h30<br \/>juillet et ao\u00fbt : du mardi au dimanche<br \/>de 10h30 \u00e0 12h30 et de 14h30 \u00e0 18h30,<br \/>sinon sur RDV au 03.86.39.60.31<\/p>\n<\/td>\n<\/tr>\n<tr>\n<td>11. Atelier Vitrail de Puisaye<br \/>vitrailliste\n<p>Les Ateliers du Ch\u00e2teau n\u00b02<br \/>17 Grande Rue<br \/>58310 Saint-Amand-en-Puisaye<br \/>03.45.50.99.77<\/p>\n<p>Ouvert : du mardi au samedi de 10h \u00e0 12h et de 15h \u00e0 18h<\/p>\n<\/td>\n<td><img decoding=\"async\" src=\"http:\/\/grespuisaye.fr\/renouveau\/aujourdhui\/29.jpg\" width=\"400\" \/><\/td>\n<\/tr>\n<tr>\n<td><img loading=\"lazy\" decoding=\"async\" class=\"alignnone wp-image-429 size-full\" src=\"http:\/\/grespuisaye.fr\/livre\/wp-content\/uploads\/2025\/10\/toot.jpg\" alt=\"\" width=\"400\" height=\"382\" srcset=\"https:\/\/grespuisaye.fr\/wp-content\/uploads\/2025\/10\/toot.jpg 400w, https:\/\/grespuisaye.fr\/wp-content\/uploads\/2025\/10\/toot-300x287.jpg 300w\" sizes=\"auto, (max-width: 400px) 100vw, 400px\" \/><\/td>\n<td>12. <br \/>Clara Armanet<br \/>Mathilde Delas<br \/>Louis Pillet<br \/>c\u00e9ramiste\n<p>La Poterie Sensible<br \/>21 Grande rue<br \/>58310 Saint-Amand-en-Puisaye<br \/>06.64.87.70.96<\/p>\n<p>Ouvert sur RDV<\/p>\n<\/td>\n<\/tr>\n<tr>\n<td>\n<p>13. Caroline Meunier<br \/>c\u00e9ramiste<\/p>\n<p>27 Grande Rue<br \/>58310 Saint-Amand-en-Puisaye<br \/>06.63.06.67.27<\/p>\n<p>Ouvert : les samedis de 15h00 \u00e0 18h30, sinon sur RDV<\/p>\n<\/td>\n<td><img decoding=\"async\" src=\"http:\/\/grespuisaye.fr\/renouveau\/aujourdhui\/16 Caroline Meunier.jpg\" width=\"400\" \/><\/td>\n<\/tr>\n<tr>\n<td><img decoding=\"async\" src=\"http:\/\/grespuisaye.fr\/renouveau\/aujourdhui\/15 Henrard.jpg\" width=\"400\" \/><\/td>\n<td>14. \u00c9velyne Henrard<br \/>c\u00e9ramiste et graveure\n<p>Les Ateliers du Ch\u00e2teau n\u00b06<br \/>17 Grande Rue<br \/>58310 Saint-Amand-en-Puisaye<br \/>06.86.00.53.36<\/p>\n<p>Ouvert sur RDV<\/p>\n<\/td>\n<\/tr>\n<tr>\n<td>\n<p>15. La Boutique<br \/>c\u00e9ramistes<\/p>\n<p>C\u00e9ramique Contemporaine des Guimards<br \/>11 Grande Rue<br \/>58310 Saint-Amand-en-Puisaye<br \/>03.86.39.72.67<\/p>\n<p>Ouvert : de P\u00e2ques \u00e0 octobre : les week-ends<br \/>de 10h30 \u00e0 12h30 et de 14h30 \u00e0 18h30<br \/>juillet et ao\u00fbt : du mardi au dimanche<br \/>de 10h30 \u00e0 12h30 et de 14h30 \u00e0 18h30<br \/>septembre et vac. No\u00ebl : du mardi au vendredi<br \/>de 14h30 \u00e0 18h30 et les week-ends<br \/>de 10h30 \u00e0 12h30 et de 14h30 \u00e0 18h30,<br \/>sinon sur RDV au 03.86.39.60.31<\/p>\n<\/td>\n<td><img decoding=\"async\" src=\"http:\/\/grespuisaye.fr\/renouveau\/aujourdhui\/14 guimards la boutique.jpg\" width=\"400\" \/><\/td>\n<\/tr>\n<tr>\n<td>\n<p><img decoding=\"async\" src=\"http:\/\/grespuisaye.fr\/renouveau\/aujourdhui\/13 dejean.jpg\" width=\"400\" \/><\/p>\n<\/td>\n<td>\n<p>16. Jean-Fran\u00e7ois Dejean<br \/>tailleur de pierre<\/p>\n<p>9 Grande Rue<br \/>58310 Saint-Amand-en-Puisaye<br \/>06.85.27.90.98<\/p>\n<p>Ouvert sur RDV<\/p>\n<\/td>\n<\/tr>\n<tr>\n<td>17. C\u00e9line &amp; Fabien Badal<br \/>Espace Terre<br \/>c\u00e9ramistes\n<p>7 Route de Saint-Sauveur<br \/>58310 Saint-Amand-en-Puisaye<br \/>06.68.62.46.69 ou 07.68.39.68.85<\/p>\n<p>Ouvert : de f\u00e9v. \u00e0 d\u00e9c., VSD de 14h30 \u00e0 18h30<br \/>en juil. et ao\u00fbt, tous les jours de 10h30 \u00e0 12h30 et de 14h30 \u00e0 18h30<\/p>\n<\/td>\n<td><img decoding=\"async\" src=\"http:\/\/grespuisaye.fr\/renouveau\/aujourdhui\/9 badal.jpg\" width=\"400\" \/><\/td>\n<\/tr>\n<tr>\n<td><img decoding=\"async\" src=\"http:\/\/grespuisaye.fr\/renouveau\/aujourdhui\/8 jeanneney.jpg\" width=\"400\" \/><\/td>\n<td>18. Espace C\u00e9ramique<br \/>Association Jacques-Jeanneney<br \/>Yolaine EVE\n<p>30 Faubourg des Poteries<br \/>58310 Saint-Amand-en-Puisaye<br \/>06.62.58.15.85<\/p>\n<p>Ouvert sur RDV<\/p>\n<\/td>\n<\/tr>\n<tr>\n<td>19. Milena Violette<br \/>c\u00e9ramiste\n<p>Maison de la M\u00e9moire Poti\u00e8re<br \/>2 rue des anseuses<br \/>58310 Saint-Amand-en-Puisaye<br \/>06.46.83.94.92<\/p>\n<p>Ouvert sur RDV<\/p>\n<\/td>\n<td><img decoding=\"async\" src=\"http:\/\/grespuisaye.fr\/renouveau\/aujourdhui\/11.jpg\" width=\"400\" \/><\/td>\n<\/tr>\n<tr>\n<td><img decoding=\"async\" src=\"http:\/\/grespuisaye.fr\/renouveau\/aujourdhui\/6 Barret.jpg\" width=\"400\" \/><\/td>\n<td>20. William Barret<br \/>c\u00e9ramiste\n<p>4 chemin des Marcheux<br \/>58310 Saint-Amand-en-Puisaye<br \/>07.62.80.07.63<\/p>\n<p>Ouvert sur RDV<\/p>\n<\/td>\n<\/tr>\n<tr>\n<td>21. Sophy MacKeith<br \/>c\u00e9ramiste\n<p>Atelier MacQuiche<br \/>3 Les Billiens<br \/>58310 Saint-Amand-en-Puisaye<br \/>06.79.08.74.77<\/p>\n<p>Ouvert sur RDV<\/p>\n<\/td>\n<td><img decoding=\"async\" src=\"http:\/\/grespuisaye.fr\/renouveau\/aujourdhui\/10 mackeith.jpg\" width=\"400\" \/><\/td>\n<\/tr>\n<tr>\n<td><img decoding=\"async\" src=\"http:\/\/grespuisaye.fr\/renouveau\/aujourdhui\/23.jpg\" width=\"400\" \/><\/td>\n<td>22. Aur\u00e9lie Proudom<br \/>c\u00e9ramiste\n<p>5 route de Bitry<br \/>58310 Saint-Amand-en-Puisaye<br \/>06.15.10.24.34<\/p>\n<p>Ouvert sur RDV<\/p>\n<\/td>\n<\/tr>\n<tr>\n<td>23. Poteries des Guimards<br \/>c\u00e9ramistes\n<p>Les Guimards<br \/>3 Rue du Puits<br \/>58310 Bitry<br \/>03.86.39.60.31<\/p>\n<p>Ouvert : du lundi au vendredi de 10h30 \u00e0 12h30<br \/>et de 14h30 \u00e0 17h30 (16h30 le vendredi)<br \/>samedi et dimanche sur RDV<br \/>(ferm\u00e9 en janvier et f\u00e9vrier)<\/p>\n<\/td>\n<td><img decoding=\"async\" src=\"http:\/\/grespuisaye.fr\/renouveau\/aujourdhui\/30 Poterie des Guimards.jpg\" width=\"400\" \/><\/td>\n<\/tr>\n<tr>\n<td><img decoding=\"async\" src=\"http:\/\/grespuisaye.fr\/renouveau\/aujourdhui\/32 delin.jpg\" width=\"400\" \/><\/td>\n<td>24. Isabelle Delin<br \/>c\u00e9ramiste\n<p>9 Route de la Chapelle<br \/>Le Bourg<br \/>58310 Bitry<br \/>06.70.45.15.40<\/p>\n<p>Ouvert sur RDV<\/p>\n<\/td>\n<\/tr>\n<tr>\n<td>25. Fanny Le Yaouanq<br \/>c\u00e9ramiste\n<p>17 Chemin des Sablons<br \/>lieu-dit Dominon<br \/>58310 Dampierre-sous-Bouhy<br \/>06.88.69.96.28<\/p>\n<p>Ouvert sur RDV<\/p>\n<\/td>\n<td><img decoding=\"async\" src=\"http:\/\/grespuisaye.fr\/renouveau\/aujourdhui\/33le yaouank.jpg\" width=\"400\" \/><\/td>\n<\/tr>\n<tr>\n<td><img loading=\"lazy\" decoding=\"async\" class=\"alignnone wp-image-440\" src=\"http:\/\/grespuisaye.fr\/livre\/wp-content\/uploads\/2025\/10\/claire-piot-300x300.jpg\" alt=\"\" width=\"400\" height=\"400\" srcset=\"https:\/\/grespuisaye.fr\/wp-content\/uploads\/2025\/10\/claire-piot-300x300.jpg 300w, https:\/\/grespuisaye.fr\/wp-content\/uploads\/2025\/10\/claire-piot-1024x1024.jpg 1024w, https:\/\/grespuisaye.fr\/wp-content\/uploads\/2025\/10\/claire-piot-150x150.jpg 150w, https:\/\/grespuisaye.fr\/wp-content\/uploads\/2025\/10\/claire-piot-768x768.jpg 768w, https:\/\/grespuisaye.fr\/wp-content\/uploads\/2025\/10\/claire-piot-600x600.jpg 600w, https:\/\/grespuisaye.fr\/wp-content\/uploads\/2025\/10\/claire-piot-100x100.jpg 100w, https:\/\/grespuisaye.fr\/wp-content\/uploads\/2025\/10\/claire-piot.jpg 1440w\" sizes=\"auto, (max-width: 400px) 100vw, 400px\" \/>\n<p>&nbsp;<\/p>\n<\/td>\n<td>\n<p>26. Claire Piot<br \/>encres &amp; aquarelles<\/p>\n<p>2 rue du Docteur Roux<br \/>58310 Saint-Amand-en-Puisaye<br \/>06.52.52.55.36<\/p>\n<p>Ouvert sur RDV<\/p>\n<\/td>\n<\/tr>\n<tr>\n<td>27. La fermette de Vrinette<br \/>laini\u00e8re\n<p>3 Les Morins<br \/>58310 Saint-V\u00e9rain<br \/>07.50.05.27.96<\/p>\n<p>Ouvert sur RDV<\/p>\n<\/td>\n<td><img loading=\"lazy\" decoding=\"async\" class=\"alignnone size-full wp-image-442\" src=\"http:\/\/grespuisaye.fr\/livre\/wp-content\/uploads\/2025\/10\/vrinette.jpg\" alt=\"\" width=\"400\" height=\"400\" srcset=\"https:\/\/grespuisaye.fr\/wp-content\/uploads\/2025\/10\/vrinette.jpg 400w, https:\/\/grespuisaye.fr\/wp-content\/uploads\/2025\/10\/vrinette-300x300.jpg 300w, https:\/\/grespuisaye.fr\/wp-content\/uploads\/2025\/10\/vrinette-150x150.jpg 150w, https:\/\/grespuisaye.fr\/wp-content\/uploads\/2025\/10\/vrinette-100x100.jpg 100w\" sizes=\"auto, (max-width: 400px) 100vw, 400px\" \/>\n<p>&nbsp;<\/p>\n<\/td>\n<\/tr>\n<tr>\n<td><img decoding=\"async\" src=\"http:\/\/grespuisaye.fr\/renouveau\/aujourdhui\/7 \u00e9ric hibelot Bidons Bidons.jpg\" width=\"400\" \/><\/td>\n<td>\u00c9ric Hibelot<br \/>c\u00e9ramiste\n<p>58310 Saint-Amand-en-Puisaye<br \/>06.81.35.60.66<\/p>\n<p>Ouvert sur RDV<\/p>\n<p>&nbsp;<\/p>\n<p>&nbsp;<\/p>\n<\/td>\n<\/tr>\n<\/tbody>\n<\/table>\n<p><!--more--><\/p>\n<p><!--more--><\/p>\n<p>&nbsp;<\/p>\n\n\n<p><\/p>\n","protected":false},"excerpt":{"rendered":"<p>&nbsp; 1. Jean-Lin Chevillottebijoutier cr\u00e9ateur 46 Grande Rue58310 Saint-Amand-en-Puisaye03.86.20.05.07 Ouvert : tous les jours de 10h00 \u00e0 12h00et de 15h00 \u00e0 18h00, ferm\u00e9 le mercredi 2. Rozenn Bigotc\u00e9ramiste Boutique Kesako50 Grande Rue58310 Saint-Amand-en-Puisaye06.84.37.16.67 Ouvert : JVS de 10h00 \u00e0 19h00juillet, ao\u00fbt et d\u00e9cembre, tous les jours sauf le mardi 3. David Badalc\u00e9ramiste Les Ateliers de [&hellip;]<\/p>\n","protected":false},"author":1,"featured_media":0,"parent":0,"menu_order":0,"comment_status":"closed","ping_status":"closed","template":"","meta":{"footnotes":""},"class_list":["post-166","page","type-page","status-publish","hentry"],"_links":{"self":[{"href":"https:\/\/grespuisaye.fr\/index.php\/wp-json\/wp\/v2\/pages\/166","targetHints":{"allow":["GET"]}}],"collection":[{"href":"https:\/\/grespuisaye.fr\/index.php\/wp-json\/wp\/v2\/pages"}],"about":[{"href":"https:\/\/grespuisaye.fr\/index.php\/wp-json\/wp\/v2\/types\/page"}],"author":[{"embeddable":true,"href":"https:\/\/grespuisaye.fr\/index.php\/wp-json\/wp\/v2\/users\/1"}],"replies":[{"embeddable":true,"href":"https:\/\/grespuisaye.fr\/index.php\/wp-json\/wp\/v2\/comments?post=166"}],"version-history":[{"count":20,"href":"https:\/\/grespuisaye.fr\/index.php\/wp-json\/wp\/v2\/pages\/166\/revisions"}],"predecessor-version":[{"id":503,"href":"https:\/\/grespuisaye.fr\/index.php\/wp-json\/wp\/v2\/pages\/166\/revisions\/503"}],"wp:attachment":[{"href":"https:\/\/grespuisaye.fr\/index.php\/wp-json\/wp\/v2\/media?parent=166"}],"curies":[{"name":"wp","href":"https:\/\/api.w.org\/{rel}","templated":true}]}}