{"id":153,"date":"2025-09-04T22:52:33","date_gmt":"2025-09-04T20:52:33","guid":{"rendered":"http:\/\/grespuisaye.fr\/livre\/?page_id=153"},"modified":"2026-05-13T00:18:57","modified_gmt":"2026-05-12T22:18:57","slug":"liens-utiles","status":"publish","type":"page","link":"https:\/\/grespuisaye.fr\/index.php\/liens-utiles\/","title":{"rendered":"Liens utiles"},"content":{"rendered":"\n<div style=\"height:44px\" aria-hidden=\"true\" class=\"wp-block-spacer\"><\/div>\n\n\n\n<p><a href=\"https:\/\/www.museedugres.fr\/\" target=\"_blank\" rel=\"noreferrer noopener\">Mus\u00e9e du Gr\u00e8s de St Amand en Puisaye<\/a><a href=\"http:\/\/www.lecouventdetreigny.com\/\" target=\"_blank\" rel=\"noreferrer noopener\"><\/a><\/p>\n\n\n\n<p><a href=\"http:\/\/www.lecouventdetreigny.com\/\" target=\"_blank\" rel=\"noreferrer noopener\">Couvent de Treigny<\/a><a href=\"http:\/\/www.galerie-ancienne-poste.com\/\" target=\"_blank\" rel=\"noreferrer noopener\"><\/a><\/p>\n\n\n\n<p><a href=\"http:\/\/www.galerie-ancienne-poste.com\/\" target=\"_blank\" rel=\"noreferrer noopener\">Galerie de l&rsquo;Ancienne Poste<\/a><a href=\"http:\/\/www.chateauderatilly.fr\/\" target=\"_blank\" rel=\"noreferrer noopener\"><\/a><\/p>\n\n\n\n<p><a href=\"http:\/\/www.chateauderatilly.fr\/\" target=\"_blank\" rel=\"noreferrer noopener\">Chateau de Ratilly<\/a><a href=\"http:\/\/www.poterie-batisse.com\/\" target=\"_blank\" rel=\"noreferrer noopener\"><\/a><\/p>\n\n\n\n<p><a href=\"http:\/\/www.poterie-batisse.com\/\" target=\"_blank\" rel=\"noreferrer noopener\">Poterie de la B\u00e2tisse<\/a><\/p>\n\n\n\n<p><a href=\"http:\/\/www.saint-amand-en-puisaye.fr\/\" target=\"_blank\" rel=\"noreferrer noopener\">St-Amand-en-Puisaye<\/a><a href=\"https:\/\/www.puisaye-tourisme.fr\" target=\"_blank\" rel=\"noreferrer noopener\"><\/a><\/p>\n\n\n\n<p><a href=\"https:\/\/www.puisaye-tourisme.fr\" target=\"_blank\" rel=\"noreferrer noopener\">Offices de Tourisme de Puisaye-Forterre<\/a><a href=\"http:\/\/www.cnifop.com\/\" target=\"_blank\" rel=\"noreferrer noopener\"><\/a><\/p>\n\n\n\n<p><a href=\"http:\/\/www.cnifop.com\/\" target=\"_blank\" rel=\"noreferrer noopener\">EMA &#8211; CNIFOP<\/a><\/p>\n\n\n\n<p><a href=\"https:\/\/www.maisondelamemoirepotiere.fr\/\">Maison de la M\u00e9moire poti\u00e8re<\/a><\/p>\n\n\n\n<p><a href=\"http:\/\/asppp.free.fr\/\">Espace C\u00e9ramique Jacques Jeanneney<\/a><\/p>\n\n\n\n<div style=\"height:40px\" aria-hidden=\"true\" class=\"wp-block-spacer\"><\/div>\n\n\n\n<figure class=\"wp-block-image size-large\"><img decoding=\"async\" src=\"http:\/\/grespuisaye.fr\/wp-content\/uploads\/2025\/09\/bnb_image_55-1024x682.jpeg\" alt=\"\"\/><\/figure>\n\n\n<p>Mus\u00e9e du gr\u00e8s &#8211; St-Amand-en-Puisaye<\/p>\n\n\n<div style=\"height:35px\" aria-hidden=\"true\" class=\"wp-block-spacer\"><\/div>\n\n\n\n<hr class=\"wp-block-separator has-alpha-channel-opacity\"\/>\n\n\n\n<div style=\"height:35px\" aria-hidden=\"true\" class=\"wp-block-spacer\"><\/div>\n\n\n\n<p><br><strong>C\u00e9ramistes de Puisaye<\/strong><a href=\"http:\/\/www.poterie-auger.fr\/\" target=\"_blank\" rel=\"noreferrer noopener\"><\/a><\/p>\n\n\n\n<p><\/p>\n\n\n\n<p><a href=\"https:\/\/www.facebook.com\/poterie.auger\/\" target=\"_blank\" rel=\"noreferrer noopener\">Michel et Catherine Auger &#8211; Le Petit Montparnasse<\/a><a href=\"http:\/\/www.espaceterre-ceramique.com\/\" target=\"_blank\" rel=\"noreferrer noopener\"><\/a><\/p>\n\n\n\n<p><a href=\"https:\/\/www.instagram.com\/sylvie.ayel\/\">Sylvie Ayel<\/a><\/p>\n\n\n\n<p><a href=\"http:\/\/www.espaceterre-ceramique.com\/\" target=\"_blank\" rel=\"noreferrer noopener\">Fabien et C\u00e9line Badal<\/a><a href=\"http:\/\/www.bizenn.com\/\" target=\"_blank\" rel=\"noreferrer noopener\"><\/a><\/p>\n\n\n\n<p><a href=\"https:\/\/www.instagram.com\/williambarretpotier\/\">Wiliam Barret<\/a><\/p>\n\n\n\n<p><a href=\"https:\/\/www.rozenn-bigot.com\/\" target=\"_blank\" rel=\"noreferrer noopener\">Rozenn Bigot<\/a><a href=\"http:\/\/sofibuquet.com\/\" target=\"_blank\" rel=\"noreferrer noopener\"><\/a><\/p>\n\n\n\n<p><a href=\"http:\/\/sofibuquet.com\/\" target=\"_blank\" rel=\"noreferrer noopener\">Sofi Buquet<\/a><\/p>\n\n\n\n<p><a href=\"http:\/\/alistairceramics.com\/\" target=\"_blank\" rel=\"noreferrer noopener\">Alistair Danhieux<\/a><a href=\"https:\/\/delinisabelle.wixsite.com\/monsite\" target=\"_blank\" rel=\"noreferrer noopener\"><\/a><\/p>\n\n\n\n<p><a href=\"https:\/\/www.instagram.com\/isabelle_daucourt\/\">Isabelle Daucourt<\/a><\/p>\n\n\n\n<p><a href=\"https:\/\/delinisabelle.wixsite.com\/monsite\" target=\"_blank\" rel=\"noreferrer noopener\">Isabelle Delin<\/a><a href=\"http:\/\/www.doix-trinquand.com\/\" target=\"_blank\" rel=\"noreferrer noopener\"><\/a><\/p>\n\n\n\n<p><a href=\"http:\/\/www.doix-trinquand.com\/\" target=\"_blank\" rel=\"noreferrer noopener\">Jean-Michel Doix et Marie-Lucie Trinquand<\/a><a href=\"http:\/\/www.poteriedesgrandsbois.com\/\" target=\"_blank\" rel=\"noreferrer noopener\"><\/a><\/p>\n\n\n\n<p><a href=\"http:\/\/www.poteriedesgrandsbois.com\/\" target=\"_blank\" rel=\"noreferrer noopener\">Veronique Durey<\/a><a href=\"http:\/\/alain.gaudebert.fr\/\" target=\"_blank\" rel=\"noreferrer noopener\"><\/a><\/p>\n\n\n\n<p><a href=\"https:\/\/www.facebook.com\/AlainGaudebert\/\" target=\"_blank\" rel=\"noreferrer noopener\">Alian Gaudebert<\/a><a href=\"http:\/\/www.lesguimards.com\/\" target=\"_blank\" rel=\"noreferrer noopener\"><\/a><\/p>\n\n\n\n<p><a href=\"http:\/\/www.lesguimards.com\/\" target=\"_blank\" rel=\"noreferrer noopener\">La Poterie des Guimards<\/a><a href=\"http:\/\/www.patriciavieljeux.com\/\" target=\"_blank\" rel=\"noreferrer noopener\"><\/a><\/p>\n\n\n\n<p><a href=\"https:\/\/www.judicaeleymard.com\/\">Judica\u00ebl Eymard<\/a><\/p>\n\n\n\n<p><a href=\"https:\/\/www.lapaspotiere.com\/\">Diana Hajdu<\/a><\/p>\n\n\n\n<p><a href=\"https:\/\/e-hi.fr\/\">Eric Hibelot<\/a><\/p>\n\n\n\n<p><a href=\"https:\/\/www.instagram.com\/macquiche\/\">Sophy MacKeith<\/a><\/p>\n\n\n\n<p><a href=\"https:\/\/www.instagram.com\/caroline_meunier_ceramiques\/?hl=fr\">Caroline Meunier<\/a><\/p>\n\n\n\n<p><a href=\"https:\/\/www.solinepeninon.com\/\">Soline Peninon<\/a><\/p>\n\n\n\n<p><a href=\"https:\/\/www.instagram.com\/aurelieproudom\/\">Aur\u00e9lie Proudom<\/a><\/p>\n\n\n\n<p><a href=\"https:\/\/www.instagram.com\/fly.ceramique\/\">Fanny Le Yaouang<\/a><\/p>\n\n\n\n<p><a href=\"http:\/\/antoinedevinck.blogspot.fr\/\" target=\"_blank\" rel=\"noreferrer noopener\">Antoine de Vinck<\/a><\/p>\n\n\n\n<p><a href=\"https:\/\/www.instagram.com\/milena.violette\/\">Milena Violette<\/a><\/p>\n\n\n\n<div style=\"height:100px\" aria-hidden=\"true\" class=\"wp-block-spacer\"><\/div>\n\n\n\n<figure class=\"wp-block-image size-large\"><img decoding=\"async\" src=\"http:\/\/grespuisaye.fr\/wp-content\/uploads\/2025\/09\/bnb_image_255-1024x1024.jpeg\" alt=\"\"\/><\/figure>\n\n\n\n<p>Fabien et C\u00e9line BADAL &#8211; St-Amand-en-Puisaye<\/p>\n\n\n\n<div style=\"height:100px\" aria-hidden=\"true\" class=\"wp-block-spacer\"><\/div>\n\n\n\n<p><\/p>\n","protected":false},"excerpt":{"rendered":"<p>Mus\u00e9e du Gr\u00e8s de St Amand en Puisaye Couvent de Treigny Galerie de l&rsquo;Ancienne Poste Chateau de Ratilly Poterie de la B\u00e2tisse St-Amand-en-Puisaye Offices de Tourisme de Puisaye-Forterre EMA &#8211; CNIFOP Maison de la M\u00e9moire poti\u00e8re Espace C\u00e9ramique Jacques Jeanneney Mus\u00e9e du gr\u00e8s &#8211; St-Amand-en-Puisaye C\u00e9ramistes de Puisaye Michel et Catherine Auger &#8211; Le Petit [&hellip;]<\/p>\n","protected":false},"author":1,"featured_media":0,"parent":0,"menu_order":0,"comment_status":"closed","ping_status":"closed","template":"","meta":{"footnotes":""},"class_list":["post-153","page","type-page","status-publish","hentry"],"_links":{"self":[{"href":"https:\/\/grespuisaye.fr\/index.php\/wp-json\/wp\/v2\/pages\/153","targetHints":{"allow":["GET"]}}],"collection":[{"href":"https:\/\/grespuisaye.fr\/index.php\/wp-json\/wp\/v2\/pages"}],"about":[{"href":"https:\/\/grespuisaye.fr\/index.php\/wp-json\/wp\/v2\/types\/page"}],"author":[{"embeddable":true,"href":"https:\/\/grespuisaye.fr\/index.php\/wp-json\/wp\/v2\/users\/1"}],"replies":[{"embeddable":true,"href":"https:\/\/grespuisaye.fr\/index.php\/wp-json\/wp\/v2\/comments?post=153"}],"version-history":[{"count":9,"href":"https:\/\/grespuisaye.fr\/index.php\/wp-json\/wp\/v2\/pages\/153\/revisions"}],"predecessor-version":[{"id":910,"href":"https:\/\/grespuisaye.fr\/index.php\/wp-json\/wp\/v2\/pages\/153\/revisions\/910"}],"wp:attachment":[{"href":"https:\/\/grespuisaye.fr\/index.php\/wp-json\/wp\/v2\/media?parent=153"}],"curies":[{"name":"wp","href":"https:\/\/api.w.org\/{rel}","templated":true}]}}